{"id":6,"date":"2017-09-15T17:34:38","date_gmt":"2017-09-15T15:34:38","guid":{"rendered":"http:\/\/schelcheretfils.fr\/?page_id=6"},"modified":"2021-02-08T18:34:23","modified_gmt":"2021-02-08T17:34:23","slug":"page-daccueil","status":"publish","type":"page","link":"https:\/\/schelcheretfils.fr\/index.php\/page-daccueil\/","title":{"rendered":"Page d&rsquo;accueil"},"content":{"rendered":"<p style=\"text-align: justify;\">L&rsquo;entreprise <strong>Schelcher &amp; Fils<\/strong> r\u00e9pond \u00e0 toutes vos attentes <strong>depuis 60 ans<\/strong> dans le secteur de la plomberie, du chauffage, de la zinguerie et de la couverture.<\/p>\n<p style=\"text-align: justify;\">Entreprise familiale bas\u00e9e <strong>\u00e0 Ribeauvill\u00e9 depuis 1957<\/strong>, notre \u00e9quipe est forte de on exp\u00e9rience, de son savoir faire et de notre exigence.<\/p>\n<p style=\"text-align: justify;\">Depuis plusieurs ann\u00e9es notre entreprise s&rsquo;est diversifi\u00e9e pour r\u00e9pondre au mieux \u00e0 vos attentes. <strong>Entretien, r\u00e9novation ou cr\u00e9ation<\/strong>, Schelcher &amp; Fils se fera un plaisir de vous accompagner dans vos futurs projets. <strong>Certifi\u00e9e RGE<\/strong> (travaux de r\u00e9novation \u00e9nerg\u00e9tique), nous r\u00e9pondrons \u00e0 toutes vos attentes et nous \u00e9valuerons gratuitement le montant de vos travaux.<\/p>\n","protected":false},"excerpt":{"rendered":"<p>L&rsquo;entreprise Schelcher &amp; Fils r\u00e9pond \u00e0 toutes vos attentes depuis 60 ans dans le secteur de la plomberie, du chauffage, de la zinguerie et de la couverture. Entreprise familiale bas\u00e9e \u00e0 Ribeauvill\u00e9 depuis 1957, notre \u00e9quipe est forte de on exp\u00e9rience, de son savoir faire et de notre exigence. Depuis plusieurs ann\u00e9es notre entreprise s&rsquo;est [&hellip;]<\/p>\n","protected":false},"author":1,"featured_media":0,"parent":0,"menu_order":0,"comment_status":"closed","ping_status":"closed","template":"","meta":[],"_links":{"self":[{"href":"https:\/\/schelcheretfils.fr\/index.php\/wp-json\/wp\/v2\/pages\/6"}],"collection":[{"href":"https:\/\/schelcheretfils.fr\/index.php\/wp-json\/wp\/v2\/pages"}],"about":[{"href":"https:\/\/schelcheretfils.fr\/index.php\/wp-json\/wp\/v2\/types\/page"}],"author":[{"embeddable":true,"href":"https:\/\/schelcheretfils.fr\/index.php\/wp-json\/wp\/v2\/users\/1"}],"replies":[{"embeddable":true,"href":"https:\/\/schelcheretfils.fr\/index.php\/wp-json\/wp\/v2\/comments?post=6"}],"version-history":[{"count":8,"href":"https:\/\/schelcheretfils.fr\/index.php\/wp-json\/wp\/v2\/pages\/6\/revisions"}],"predecessor-version":[{"id":187,"href":"https:\/\/schelcheretfils.fr\/index.php\/wp-json\/wp\/v2\/pages\/6\/revisions\/187"}],"wp:attachment":[{"href":"https:\/\/schelcheretfils.fr\/index.php\/wp-json\/wp\/v2\/media?parent=6"}],"curies":[{"name":"wp","href":"https:\/\/api.w.org\/{rel}","templated":true}]}}